{"id":35273,"date":"2025-11-10T10:36:01","date_gmt":"2025-11-10T09:36:01","guid":{"rendered":"https:\/\/letscamp.dk\/himmerland\/"},"modified":"2025-12-15T09:08:33","modified_gmt":"2025-12-15T08:08:33","slug":"himmerland","status":"publish","type":"page","link":"https:\/\/letscamp.dk\/de\/himmerland\/","title":{"rendered":"Himmerland"},"content":{"rendered":"<p>[et_pb_section fb_built=&#8220;1&#8243; custom_padding_last_edited=&#8220;on|tablet&#8220; _builder_version=&#8220;4.27.4&#8243; background_image=&#8220;https:\/\/letscamp.dk\/wp-content\/uploads\/2025\/11\/20240423_094028-e1764015931813.jpg&#8220; height=&#8220;500px&#8220; height_tablet=&#8220;500px&#8220; height_phone=&#8220;500px&#8220; height_last_edited=&#8220;on|phone&#8220; custom_padding=&#8220;0px||350px||false|false&#8220; custom_padding_tablet=&#8220;||150px||false|false&#8220; custom_padding_phone=&#8220;||25px&#8220; bottom_divider_style=&#8220;waves2&#8243; bottom_divider_color=&#8220;#ffffff&#8220; bottom_divider_height=&#8220;150px&#8220; bottom_divider_height_tablet=&#8220;&#8220; bottom_divider_height_phone=&#8220;63px&#8220; bottom_divider_height_last_edited=&#8220;on|phone&#8220; box_shadow_style=&#8220;preset1&#8243; box_shadow_position=&#8220;inner&#8220; global_colors_info=&#8220;{%22gcid-primary-color%22:%91%22background_color_gradient_stops%22%93,%22gcid-secondary-color%22:%91%22background_color_gradient_stops%22%93,%22gcid-7360370f-bdf0-493f-b1f5-2887d5b68e17%22:%91%22background_color_gradient_stops%22%93,%22gcid-ffc7ad8e-ca9f-4ff9-9684-db89d03277e3%22:%91%22background_color_gradient_stops%22%93}&#8220;][et_pb_row _builder_version=&#8220;4.27.4&#8243; background_size=&#8220;initial&#8220; background_position=&#8220;top_left&#8220; background_repeat=&#8220;repeat&#8220; custom_padding=&#8220;50px|0px|65px|0px||&#8220; global_colors_info=&#8220;{}&#8220;][et_pb_column type=&#8220;4_4&#8243; _builder_version=&#8220;4.16&#8243; custom_padding=&#8220;|||&#8220; global_colors_info=&#8220;{}&#8220; custom_padding__hover=&#8220;|||&#8220;][et_pb_text _builder_version=&#8220;4.27.4&#8243; header_2_font=&#8220;|800|||||||&#8220; header_2_text_align=&#8220;center&#8220; header_2_text_color=&#8220;#ffffff&#8220; header_2_font_size=&#8220;60px&#8220; background_layout=&#8220;dark&#8220; custom_margin=&#8220;||20px|&#8220; custom_padding=&#8220;||0px|||&#8220; animation_style=&#8220;slide&#8220; animation_direction=&#8220;bottom&#8220; header_2_font_size_tablet=&#8220;&#8220; header_2_font_size_phone=&#8220;30px&#8220; header_2_font_size_last_edited=&#8220;on|phone&#8220; header_2_text_shadow_style=&#8220;preset2&#8243; header_2_text_shadow_horizontal_length=&#8220;0em&#8220; header_2_text_shadow_vertical_length=&#8220;0.1em&#8220; header_2_text_shadow_blur_strength=&#8220;0.1em&#8220; header_2_text_shadow_color=&#8220;rgba(0,0,0,0.3)&#8220; global_colors_info=&#8220;{}&#8220;]<\/p>\n<h2>HIMMERLAND CAMPING<\/h2>\n<p>[\/et_pb_text][\/et_pb_column][\/et_pb_row][\/et_pb_section][et_pb_section fb_built=&#8220;1&#8243; _builder_version=&#8220;4.27.4&#8243; z_index=&#8220;-20&#8243; custom_padding=&#8220;20px|0px|20px|0px|true|false&#8220; bottom_divider_color=&#8220;gcid-7360370f-bdf0-493f-b1f5-2887d5b68e17&#8243; global_colors_info=&#8220;{%22gcid-7360370f-bdf0-493f-b1f5-2887d5b68e17%22:%91%22bottom_divider_color%22%93}&#8220;][et_pb_row column_structure=&#8220;3_5,2_5&#8243; make_equal=&#8220;on&#8220; module_class=&#8220;custom_row_95&#8243; _builder_version=&#8220;4.27.4&#8243; width=&#8220;100%&#8220; custom_padding=&#8220;0px||0px|&#8220; animation_style=&#8220;zoom&#8220; animation_delay=&#8220;250ms&#8220; border_radii=&#8220;on|5px|5px|5px|5px&#8220; global_colors_info=&#8220;{}&#8220;][et_pb_column type=&#8220;3_5&#8243; _builder_version=&#8220;4.16&#8243; background_color=&#8220;#ffffff&#8220; custom_padding=&#8220;50px|50px|50px|50px&#8220; custom_padding_tablet=&#8220;50px|25px|50px|25px&#8220; custom_padding_phone=&#8220;&#8220; custom_padding_last_edited=&#8220;on|phone&#8220; global_colors_info=&#8220;{}&#8220; padding_tablet=&#8220;50px|25px|50px|25px&#8220; padding_last_edited=&#8220;on|phone&#8220; custom_padding__hover=&#8220;|||&#8220; padding_phone=&#8220;50px|25px|50px|25px&#8220;][et_pb_text admin_label=&#8220;Tekst&#8220; _builder_version=&#8220;4.27.4&#8243; global_colors_info=&#8220;{}&#8220;]<\/p>\n<h2><strong>Entdecken Sie Himmerland Camping<br \/>&#8211; Ihr n\u00e4chstes Urlaubserlebnis im Herzen der Natur!<\/strong><\/h2>\n<p>Sind Sie auf der Suche nach dem perfekten Campingplatz, auf dem Sie der Natur nahe kommen, aber trotzdem Komfort und viele Aktivit\u00e4ten genie\u00dfen k\u00f6nnen? Dann sind Sie auf Himmerland Camping genau richtig! Idyllisch im sch\u00f6nen Himmerland gelegen, bietet dieser Campingplatz eine gro\u00dfartige Kombination aus nat\u00fcrlicher Sch\u00f6nheit, modernen Einrichtungen und vielen lustigen Erlebnissen f\u00fcr die ganze Familie.  <\/p>\n<p><strong>Gelegen im sch\u00f6nen Himmerland &#8211; Ein Naturparadies<\/strong><\/p>\n<p>Himmerland Camping ist umgeben von beeindruckenden W\u00e4ldern, offenen Feldern und der ruhigen Natur, f\u00fcr die die Gegend bekannt ist. Hier k\u00f6nnen Sie wandern, Rad fahren und die freie Natur auf jede erdenkliche Weise genie\u00dfen. Ob Sie nun einen entspannenden Spaziergang in den nahe gelegenen W\u00e4ldern machen oder einen l\u00e4ngeren Ausflug in die benachbarten St\u00e4dte unternehmen wollen, die M\u00f6glichkeiten sind endlos.  <\/p>\n<p><strong>Erstklassige Einrichtungen f\u00fcr den perfekten Urlaub<\/strong><\/p>\n<p>Ob Sie nun traditionelles Camping mit Zelt und Wohnwagen bevorzugen oder lieber in einer komfortablen H\u00fctte \u00fcbernachten, Himmerland Camping hat etwas f\u00fcr Sie. Mit modernen Dusch- und Toilettenanlagen, gut ausgestatteten K\u00fcchen, einem beheizten Innenpool und einer Sauna sowie kostenlosem WiFi haben Sie alles, was Sie f\u00fcr einen entspannten und komfortablen Urlaub brauchen. Es gibt Platz f\u00fcr diejenigen, die der Natur nahe sein wollen, und f\u00fcr diejenigen, die ein bisschen mehr Komfort w\u00fcnschen.  <\/p>\n<p><strong>Aktivit\u00e4ten f\u00fcr jedes Alter &#8211; Spa\u00df f\u00fcr die ganze Familie<\/strong><\/p>\n<p>Himmerland Camping ist der ideale Ort f\u00fcr Jung und Alt. Kinder k\u00f6nnen auf dem Spielplatz oder im Hallenbad spielen oder einen Ausflug zum nahe gelegenen Angel- oder Badesee machen.   <\/p>\n<p><strong>Kommen Sie und schaffen Sie Erinnerungen auf Himmerland Camping!<\/strong><\/p>\n<p>Bei Himmerland Camping geht es nicht nur darum, die Nacht zu verbringen &#8211; es geht darum, Erlebnisse und Erinnerungen zu schaffen, die bleiben. Hier k\u00f6nnen Sie entspannen, aktiv sein und die Gesellschaft von Familie, Freunden und anderen Campingg\u00e4sten genie\u00dfen. Die freundliche Atmosph\u00e4re und die sch\u00f6ne Natur machen Himmerland Camping zu einem einzigartigen Urlaubserlebnis.  <\/p>\n<p><strong>Buchen Sie Ihren n\u00e4chsten Urlaub noch heute!<\/strong><\/p>\n<p>Sind Sie bereit, die Natur hautnah zu erleben und einen Urlaub voller Spa\u00df und Entspannung zu verbringen? Dann buchen Sie noch heute Ihren Urlaub auf Himmerland Camping und entdecken Sie, warum dies die perfekte Wahl f\u00fcr Paare, Familien und Freunde ist, die das Beste aus ihrem Campingurlaub machen wollen! <\/p>\n<p>Wir freuen uns darauf, Sie auf Himmerland Camping begr\u00fc\u00dfen zu d\u00fcrfen &#8211; wo sich Natur und Komfort treffen!<\/p>\n<p>[\/et_pb_text][\/et_pb_column][et_pb_column type=&#8220;2_5&#8243; _builder_version=&#8220;4.27.4&#8243; background_color=&#8220;gcid-7360370f-bdf0-493f-b1f5-2887d5b68e17&#8243; background_enable_image=&#8220;off&#8220; custom_padding=&#8220;||25px|&#8220; custom_padding_last_edited=&#8220;off|phone&#8220; custom_css_main_element=&#8220;margin:auto;&#8220; border_radii=&#8220;on|30px|30px|30px|30px&#8220; box_shadow_style=&#8220;preset1&#8243; global_colors_info=&#8220;{%22gcid-7360370f-bdf0-493f-b1f5-2887d5b68e17%22:%91%22background_color%22%93}&#8220; padding_last_edited=&#8220;off|phone&#8220; custom_padding__hover=&#8220;|||&#8220;][et_pb_image src=&#8220;https:\/\/letscamp.dk\/wp-content\/uploads\/2025\/11\/image00009-1-e1763894523115.jpeg&#8220; title_text=&#8220;image00009&#8243; align_tablet=&#8220;center&#8220; align_phone=&#8220;&#8220; align_last_edited=&#8220;on|desktop&#8220; _builder_version=&#8220;4.27.4&#8243; border_style=&#8220;solid&#8220; global_colors_info=&#8220;{}&#8220;][\/et_pb_image][et_pb_blurb icon_placement=&#8220;left&#8220; image_icon_width=&#8220;20px&#8220; module_class=&#8220;contact_detail_blurb&#8220; _builder_version=&#8220;4.27.4&#8243; header_font=&#8220;|on|||&#8220; header_font_size=&#8220;16&#8243; body_font_size=&#8220;15&#8243; body_line_height=&#8220;1.5em&#8220; background_layout=&#8220;dark&#8220; custom_padding=&#8220;|||50px&#8220; custom_padding_tablet=&#8220;&#8220; custom_padding_phone=&#8220;|||25px&#8220; custom_padding_last_edited=&#8220;on|phone&#8220; animation=&#8220;off&#8220; border_style_all=&#8220;solid&#8220; border_style=&#8220;solid&#8220; icon_font_size=&#8220;20px&#8220; global_colors_info=&#8220;{}&#8220;]<\/p>\n<ul>\n<li>365 Tage im Jahr ge\u00f6ffnet<\/li>\n<li>11 H\u00fctten (ganzj\u00e4hrig)<\/li>\n<li>4 Zelte mieten<\/li>\n<li>Grillbar<\/li>\n<li>Musikveranstaltungen<\/li>\n<li>M\u00f6glichkeit, Partys zu veranstalten<\/li>\n<li>300 Meter zum Strand<\/li>\n<li>Zwischen Aars und Fars\u00f8<\/li>\n<li>Nur 1\/2 Stunde von Aalborg entfernt<\/li>\n<\/ul>\n<p>&nbsp;<\/p>\n<p>[\/et_pb_blurb][et_pb_button button_url=&#8220;https:\/\/onlinebooking.camp\/himmerlandcamping?lang=da&#8220; button_text=&#8220;JETZT BUCHEN&#8220; button_alignment=&#8220;center&#8220; _builder_version=&#8220;4.27.4&#8243; _module_preset=&#8220;default&#8220; hover_enabled=&#8220;0&#8243; global_colors_info=&#8220;{}&#8220; sticky_enabled=&#8220;0&#8243;][\/et_pb_button][\/et_pb_column][\/et_pb_row][et_pb_row use_custom_gutter=&#8220;on&#8220; gutter_width=&#8220;1&#8243; _builder_version=&#8220;4.27.4&#8243; _module_preset=&#8220;default&#8220; width=&#8220;100%&#8220; max_width=&#8220;100%&#8220; global_colors_info=&#8220;{}&#8220;][et_pb_column type=&#8220;4_4&#8243; _builder_version=&#8220;4.27.4&#8243; _module_preset=&#8220;default&#8220; global_colors_info=&#8220;{}&#8220;][et_pb_gallery gallery_ids=&#8220;35274,35275,35276,35277,35278,35279,35280,35281&#8243; posts_number=&#8220;8&#8243; show_title_and_caption=&#8220;off&#8220; show_pagination=&#8220;off&#8220; _builder_version=&#8220;4.27.4&#8243; _module_preset=&#8220;default&#8220; z_index=&#8220;-15&#8243; global_colors_info=&#8220;{}&#8220;][\/et_pb_gallery][\/et_pb_column][\/et_pb_row][\/et_pb_section][et_pb_section fb_built=&#8220;1&#8243; _builder_version=&#8220;4.27.4&#8243; background_enable_color=&#8220;off&#8220; z_index=&#8220;0&#8243; custom_padding=&#8220;0px|0px|0px|0px&#8220; top_divider_height=&#8220;0px&#8220; top_divider_flip=&#8220;vertical&#8220; bottom_divider_style=&#8220;wave2&#8243; bottom_divider_color=&#8220;gcid-7360370f-bdf0-493f-b1f5-2887d5b68e17&#8243; bottom_divider_height_tablet=&#8220;&#8220; bottom_divider_height_phone=&#8220;44px&#8220; bottom_divider_height_last_edited=&#8220;on|phone&#8220; global_colors_info=&#8220;{%22gcid-7360370f-bdf0-493f-b1f5-2887d5b68e17%22:%91%22bottom_divider_color%22%93}&#8220;][\/et_pb_section]<\/p>\n","protected":false},"excerpt":{"rendered":"<p>HIMMERLAND CAMPINGEntdecken Sie Himmerland Camping- Ihr n\u00e4chstes Urlaubserlebnis im Herzen der Natur! Sind Sie auf der Suche nach dem perfekten Campingplatz, auf dem Sie der Natur nahe kommen, aber trotzdem [&hellip;]<\/p>\n","protected":false},"author":1,"featured_media":0,"parent":0,"menu_order":0,"comment_status":"closed","ping_status":"closed","template":"","meta":{"_et_pb_use_builder":"on","_et_pb_old_content":"","_et_gb_content_width":"","footnotes":""},"folder":[35],"class_list":["post-35273","page","type-page","status-publish","hentry"],"yoast_head":"<!-- This site is optimized with the Yoast SEO plugin v27.2 - https:\/\/yoast.com\/product\/yoast-seo-wordpress\/ -->\n<title>Himmerland - Let&#039;s Camp<\/title>\n<meta name=\"robots\" content=\"index, follow, max-snippet:-1, max-image-preview:large, max-video-preview:-1\" \/>\n<link rel=\"canonical\" href=\"https:\/\/letscamp.dk\/de\/himmerland\/\" \/>\n<meta property=\"og:locale\" content=\"de_DE\" \/>\n<meta property=\"og:type\" content=\"article\" \/>\n<meta property=\"og:title\" content=\"Himmerland - Let&#039;s Camp\" \/>\n<meta property=\"og:description\" content=\"HIMMERLAND CAMPINGEntdecken Sie Himmerland Camping- Ihr n\u00e4chstes Urlaubserlebnis im Herzen der Natur! Sind Sie auf der Suche nach dem perfekten Campingplatz, auf dem Sie der Natur nahe kommen, aber trotzdem [&hellip;]\" \/>\n<meta property=\"og:url\" content=\"https:\/\/letscamp.dk\/de\/himmerland\/\" \/>\n<meta property=\"og:site_name\" content=\"Let&#039;s Camp\" \/>\n<meta property=\"article:modified_time\" content=\"2025-12-15T08:08:33+00:00\" \/>\n<meta name=\"twitter:card\" content=\"summary_large_image\" \/>\n<meta name=\"twitter:label1\" content=\"Gesch\u00e4tzte Lesezeit\" \/>\n\t<meta name=\"twitter:data1\" content=\"6\u00a0Minuten\" \/>\n<script type=\"application\/ld+json\" class=\"yoast-schema-graph\">{\"@context\":\"https:\/\/schema.org\",\"@graph\":[{\"@type\":\"WebPage\",\"@id\":\"https:\/\/letscamp.dk\/de\/himmerland\/\",\"url\":\"https:\/\/letscamp.dk\/de\/himmerland\/\",\"name\":\"Himmerland - Let's Camp\",\"isPartOf\":{\"@id\":\"https:\/\/letscamp.dk\/de\/#website\"},\"datePublished\":\"2025-11-10T09:36:01+00:00\",\"dateModified\":\"2025-12-15T08:08:33+00:00\",\"breadcrumb\":{\"@id\":\"https:\/\/letscamp.dk\/de\/himmerland\/#breadcrumb\"},\"inLanguage\":\"de\",\"potentialAction\":[{\"@type\":\"ReadAction\",\"target\":[\"https:\/\/letscamp.dk\/de\/himmerland\/\"]}]},{\"@type\":\"BreadcrumbList\",\"@id\":\"https:\/\/letscamp.dk\/de\/himmerland\/#breadcrumb\",\"itemListElement\":[{\"@type\":\"ListItem\",\"position\":1,\"name\":\"Hjem\",\"item\":\"https:\/\/letscamp.dk\/de\/\"},{\"@type\":\"ListItem\",\"position\":2,\"name\":\"Himmerland\"}]},{\"@type\":\"WebSite\",\"@id\":\"https:\/\/letscamp.dk\/de\/#website\",\"url\":\"https:\/\/letscamp.dk\/de\/\",\"name\":\"Let's Camp\",\"description\":\"Din oase ved Limfjorden\",\"potentialAction\":[{\"@type\":\"SearchAction\",\"target\":{\"@type\":\"EntryPoint\",\"urlTemplate\":\"https:\/\/letscamp.dk\/de\/?s={search_term_string}\"},\"query-input\":{\"@type\":\"PropertyValueSpecification\",\"valueRequired\":true,\"valueName\":\"search_term_string\"}}],\"inLanguage\":\"de\"}]}<\/script>\n<!-- \/ Yoast SEO plugin. -->","yoast_head_json":{"title":"Himmerland - Let's Camp","robots":{"index":"index","follow":"follow","max-snippet":"max-snippet:-1","max-image-preview":"max-image-preview:large","max-video-preview":"max-video-preview:-1"},"canonical":"https:\/\/letscamp.dk\/de\/himmerland\/","og_locale":"de_DE","og_type":"article","og_title":"Himmerland - Let's Camp","og_description":"HIMMERLAND CAMPINGEntdecken Sie Himmerland Camping- Ihr n\u00e4chstes Urlaubserlebnis im Herzen der Natur! Sind Sie auf der Suche nach dem perfekten Campingplatz, auf dem Sie der Natur nahe kommen, aber trotzdem [&hellip;]","og_url":"https:\/\/letscamp.dk\/de\/himmerland\/","og_site_name":"Let's Camp","article_modified_time":"2025-12-15T08:08:33+00:00","twitter_card":"summary_large_image","twitter_misc":{"Gesch\u00e4tzte Lesezeit":"6\u00a0Minuten"},"schema":{"@context":"https:\/\/schema.org","@graph":[{"@type":"WebPage","@id":"https:\/\/letscamp.dk\/de\/himmerland\/","url":"https:\/\/letscamp.dk\/de\/himmerland\/","name":"Himmerland - Let's Camp","isPartOf":{"@id":"https:\/\/letscamp.dk\/de\/#website"},"datePublished":"2025-11-10T09:36:01+00:00","dateModified":"2025-12-15T08:08:33+00:00","breadcrumb":{"@id":"https:\/\/letscamp.dk\/de\/himmerland\/#breadcrumb"},"inLanguage":"de","potentialAction":[{"@type":"ReadAction","target":["https:\/\/letscamp.dk\/de\/himmerland\/"]}]},{"@type":"BreadcrumbList","@id":"https:\/\/letscamp.dk\/de\/himmerland\/#breadcrumb","itemListElement":[{"@type":"ListItem","position":1,"name":"Hjem","item":"https:\/\/letscamp.dk\/de\/"},{"@type":"ListItem","position":2,"name":"Himmerland"}]},{"@type":"WebSite","@id":"https:\/\/letscamp.dk\/de\/#website","url":"https:\/\/letscamp.dk\/de\/","name":"Let's Camp","description":"Din oase ved Limfjorden","potentialAction":[{"@type":"SearchAction","target":{"@type":"EntryPoint","urlTemplate":"https:\/\/letscamp.dk\/de\/?s={search_term_string}"},"query-input":{"@type":"PropertyValueSpecification","valueRequired":true,"valueName":"search_term_string"}}],"inLanguage":"de"}]}},"_links":{"self":[{"href":"https:\/\/letscamp.dk\/de\/wp-json\/wp\/v2\/pages\/35273","targetHints":{"allow":["GET"]}}],"collection":[{"href":"https:\/\/letscamp.dk\/de\/wp-json\/wp\/v2\/pages"}],"about":[{"href":"https:\/\/letscamp.dk\/de\/wp-json\/wp\/v2\/types\/page"}],"author":[{"embeddable":true,"href":"https:\/\/letscamp.dk\/de\/wp-json\/wp\/v2\/users\/1"}],"replies":[{"embeddable":true,"href":"https:\/\/letscamp.dk\/de\/wp-json\/wp\/v2\/comments?post=35273"}],"version-history":[{"count":2,"href":"https:\/\/letscamp.dk\/de\/wp-json\/wp\/v2\/pages\/35273\/revisions"}],"predecessor-version":[{"id":35298,"href":"https:\/\/letscamp.dk\/de\/wp-json\/wp\/v2\/pages\/35273\/revisions\/35298"}],"wp:attachment":[{"href":"https:\/\/letscamp.dk\/de\/wp-json\/wp\/v2\/media?parent=35273"}],"wp:term":[{"taxonomy":"folder","embeddable":true,"href":"https:\/\/letscamp.dk\/de\/wp-json\/wp\/v2\/folder?post=35273"}],"curies":[{"name":"wp","href":"https:\/\/api.w.org\/{rel}","templated":true}]}}