{"id":35242,"date":"2025-11-10T10:36:02","date_gmt":"2025-11-10T09:36:02","guid":{"rendered":"https:\/\/letscamp.dk\/toftum\/"},"modified":"2025-12-15T09:08:24","modified_gmt":"2025-12-15T08:08:24","slug":"toftum","status":"publish","type":"page","link":"https:\/\/letscamp.dk\/de\/toftum\/","title":{"rendered":"Toftum"},"content":{"rendered":"<p>[et_pb_section fb_built=&#8220;1&#8243; custom_padding_last_edited=&#8220;on|tablet&#8220; _builder_version=&#8220;4.27.4&#8243; background_image=&#8220;https:\/\/letscamp.dk\/wp-content\/uploads\/2025\/10\/Stranden.jpg&#8220; height=&#8220;500px&#8220; height_tablet=&#8220;500px&#8220; height_phone=&#8220;500px&#8220; height_last_edited=&#8220;on|phone&#8220; custom_padding=&#8220;0px||350px||false|false&#8220; custom_padding_tablet=&#8220;||150px||false|false&#8220; custom_padding_phone=&#8220;||25px&#8220; bottom_divider_style=&#8220;waves2&#8243; bottom_divider_color=&#8220;#ffffff&#8220; bottom_divider_height=&#8220;150px&#8220; bottom_divider_height_tablet=&#8220;&#8220; bottom_divider_height_phone=&#8220;63px&#8220; bottom_divider_height_last_edited=&#8220;on|phone&#8220; box_shadow_style=&#8220;preset1&#8243; box_shadow_position=&#8220;inner&#8220; global_colors_info=&#8220;{%22gcid-primary-color%22:%91%22background_color_gradient_stops%22%93,%22gcid-secondary-color%22:%91%22background_color_gradient_stops%22%93,%22gcid-7360370f-bdf0-493f-b1f5-2887d5b68e17%22:%91%22background_color_gradient_stops%22%93,%22gcid-ffc7ad8e-ca9f-4ff9-9684-db89d03277e3%22:%91%22background_color_gradient_stops%22%93}&#8220;][et_pb_row _builder_version=&#8220;4.16&#8243; background_size=&#8220;initial&#8220; background_position=&#8220;top_left&#8220; background_repeat=&#8220;repeat&#8220; custom_padding=&#8220;50px|0px|65px|0px||&#8220; global_colors_info=&#8220;{}&#8220;][et_pb_column type=&#8220;4_4&#8243; _builder_version=&#8220;4.16&#8243; custom_padding=&#8220;|||&#8220; global_colors_info=&#8220;{}&#8220; custom_padding__hover=&#8220;|||&#8220;][et_pb_text _builder_version=&#8220;4.27.4&#8243; header_2_font=&#8220;|800|||||||&#8220; header_2_text_align=&#8220;center&#8220; header_2_text_color=&#8220;#ffffff&#8220; header_2_font_size=&#8220;60px&#8220; background_layout=&#8220;dark&#8220; custom_margin=&#8220;||20px|&#8220; animation_style=&#8220;slide&#8220; animation_direction=&#8220;bottom&#8220; header_2_font_size_tablet=&#8220;&#8220; header_2_font_size_phone=&#8220;30px&#8220; header_2_font_size_last_edited=&#8220;on|phone&#8220; header_2_text_shadow_style=&#8220;preset2&#8243; header_2_text_shadow_horizontal_length=&#8220;0em&#8220; header_2_text_shadow_vertical_length=&#8220;0.1em&#8220; header_2_text_shadow_blur_strength=&#8220;0.1em&#8220; header_2_text_shadow_color=&#8220;rgba(0,0,0,0.3)&#8220; global_colors_info=&#8220;{}&#8220;]<\/p>\n<h2>TOFTUM BJERGE CAMPING<\/h2>\n<p>[\/et_pb_text][\/et_pb_column][\/et_pb_row][\/et_pb_section][et_pb_section fb_built=&#8220;1&#8243; _builder_version=&#8220;4.27.4&#8243; z_index=&#8220;-20&#8243; custom_padding=&#8220;20px|0px|20px|0px|true|false&#8220; bottom_divider_color=&#8220;gcid-7360370f-bdf0-493f-b1f5-2887d5b68e17&#8243; global_colors_info=&#8220;{%22gcid-7360370f-bdf0-493f-b1f5-2887d5b68e17%22:%91%22bottom_divider_color%22%93}&#8220;][et_pb_row column_structure=&#8220;3_5,2_5&#8243; make_equal=&#8220;on&#8220; module_class=&#8220;custom_row_95&#8243; _builder_version=&#8220;4.27.4&#8243; width=&#8220;100%&#8220; custom_padding=&#8220;0px||0px|&#8220; animation_style=&#8220;zoom&#8220; animation_delay=&#8220;250ms&#8220; hover_enabled=&#8220;0&#8243; border_radii=&#8220;on|5px|5px|5px|5px&#8220; global_colors_info=&#8220;{}&#8220; sticky_enabled=&#8220;0&#8243;][et_pb_column type=&#8220;3_5&#8243; _builder_version=&#8220;4.16&#8243; background_color=&#8220;#ffffff&#8220; custom_padding=&#8220;50px|50px|50px|50px&#8220; custom_padding_tablet=&#8220;50px|25px|50px|25px&#8220; custom_padding_phone=&#8220;&#8220; custom_padding_last_edited=&#8220;on|phone&#8220; global_colors_info=&#8220;{}&#8220; padding_tablet=&#8220;50px|25px|50px|25px&#8220; padding_last_edited=&#8220;on|phone&#8220; custom_padding__hover=&#8220;|||&#8220; padding_phone=&#8220;50px|25px|50px|25px&#8220;][et_pb_text admin_label=&#8220;Tekst&#8220; _builder_version=&#8220;4.27.4&#8243; global_colors_info=&#8220;{}&#8220;]<\/p>\n<h2><strong>Entdecken Sie Toftum Bjerge Camping &#8211; Natur, Ruhe und die besten Campingerlebnisse<\/strong><\/h2>\n<p>Sind Sie bereit, Camping in einer der landschaftlich sch\u00f6nsten Gegenden D\u00e4nemarks zu erleben? Toftum Bjerge Camping ist das perfekte Ziel f\u00fcr alle, die der Natur n\u00e4her kommen und gleichzeitig moderne Einrichtungen und eine entspannte Atmosph\u00e4re genie\u00dfen m\u00f6chten. Eingebettet in die wundersch\u00f6ne Landschaft von Toftum Bjerge ist dieser Campingplatz ein wahres Paradies f\u00fcr Naturliebhaber, Abenteurer und Familien gleicherma\u00dfen.  <\/p>\n<p><strong>Ein Standort in der N\u00e4he der Wunder der Natur<\/strong><\/p>\n<p>Der Campingplatz Toftum Bjerge liegt direkt auf dem Gipfel des beeindruckenden Gebirges Toftum Bjerge, das einige der sch\u00f6nsten Aussichten der Gegend bietet. Vom Campingplatz aus haben Sie Zugang zu einer F\u00fclle von landschaftlich reizvollen Pfaden und Gebieten zum Wandern, Radfahren und zur Vogelbeobachtung. Hier k\u00f6nnen Sie die Ruhe der d\u00e4nischen Natur genie\u00dfen und gleichzeitig in der N\u00e4he des Strandes sein, wo Sie im Fjord baden oder mit der Familie Sandburgen bauen k\u00f6nnen.  <\/p>\n<p><strong>Erstklassige Einrichtungen f\u00fcr Entspannung und Aktivit\u00e4t<\/strong><\/p>\n<p>Auf Toftum Bjerge Camping k\u00f6nnen Sie in den neu renovierten H\u00fctten, in unseren Mietzelten oder Zimmern \u00fcbernachten, Ihren eigenen Wohnwagen mitbringen oder ein Zelt auf den landschaftlich reizvollen Stellpl\u00e4tzen aufschlagen. Es ist f\u00fcr jeden etwas dabei und alle Einrichtungen haben einen hohen Standard &#8211; saubere Duschen und Toiletten, gut ausgestattete K\u00fcchen und gem\u00fctliche Gemeinschaftsr\u00e4ume, in denen Sie andere Camper treffen k\u00f6nnen. Au\u00dferdem gibt es kostenloses WiFi, so dass Sie bei Bedarf in Verbindung bleiben k\u00f6nnen.  <\/p>\n<p><strong>Lustige Aktivit\u00e4ten und ruhige Atmosph\u00e4re<\/strong><\/p>\n<p>Toftum Bjerge Camping ist ein gro\u00dfartiger Ort f\u00fcr Aktivit\u00e4ten und Entspannung gleicherma\u00dfen. Sie k\u00f6nnen Radtouren in der sch\u00f6nen Umgebung unternehmen, die Gegend erkunden oder sich im Fjord oder in den \u00f6rtlichen Angelseen beim Fischen versuchen. Auch f\u00fcr die j\u00fcngeren G\u00e4ste gibt es gen\u00fcgend Platz, um sich auf dem campingplatzeigenen Spielplatz auszutoben oder an den lustigen Schatzsuchen und Aktivit\u00e4ten teilzunehmen, die w\u00e4hrend der Hochsaison organisiert werden.  <\/p>\n<p>Und wenn es Abend wird, k\u00f6nnen Sie sich am Feuer entspannen und die Ruhe und den Frieden genie\u00dfen, die nur ein Campingurlaub bieten kann. Mit Vogelgezwitscher und frischer Luft aufzuwachen, bevor Sie einen neuen Tag in der Natur beginnen, ist etwas ganz Besonderes auf Toftum Bjerge Camping. <\/p>\n<p><strong>Strand, D\u00fcnen und einzigartige Natur<\/strong><\/p>\n<p>Toftum Bjerge Camping am Limfjord, wo der lange Sandstrand sowohl zum Strandurlaub als auch zu Strandaktivit\u00e4ten einl\u00e4dt. Ganz gleich, ob Sie einen langen Strandspaziergang machen, den Sonnenuntergang genie\u00dfen oder einen eigenen Platz zum Meditieren finden m\u00f6chten, die Gegend bietet den perfekten Rahmen, um in Fahrt zu kommen. Die D\u00fcnen, die den Campingplatz umgeben, bieten eine fantastische Aussicht bis nach Thybor\u00f8n.  <\/p>\n<p><strong>Ein Urlaub, der l\u00e4nger dauert als nur eine \u00dcbernachtung<\/strong><\/p>\n<p>Bei Toftum Bjerge Camping geht es um mehr als nur einen Platz zum Schlafen. Es ist ein Ort, an dem Sie sich von der Hektik des Alltags zur\u00fcckziehen und in der sch\u00f6nen Natur Westj\u00fctlands neue Energie tanken k\u00f6nnen. Es ist ein Ort, an dem Sie Erinnerungen schaffen, die Landschaft erkunden und Zeit mit Ihren Lieben verbringen k\u00f6nnen. Wenn Sie erst einmal die friedliche Atmosph\u00e4re und die vielen M\u00f6glichkeiten f\u00fcr Aktivit\u00e4ten erlebt haben, werden Sie verstehen, warum Toftum Bjerge Camping zu einer beliebten Wahl f\u00fcr d\u00e4nische und internationale Campingg\u00e4ste geworden ist.   <\/p>\n<p><strong>Buchen Sie noch heute Ihren Urlaub auf Toftum Bjerge Camping!<\/strong><\/p>\n<p>Warum also warten? Kommen Sie und entdecken Sie, was Toftum Bjerge Camping zu bieten hat &#8211; es ist das ideale Ziel f\u00fcr Entspannung, Abenteuer und Naturbegegnungen, wo Sie unvergessliche Urlaubserlebnisse schaffen k\u00f6nnen. Buchen Sie noch heute Ihren Urlaub und machen Sie sich auf den Weg zu einem der sch\u00f6nsten Campingpl\u00e4tze D\u00e4nemarks!  <\/p>\n<p>Wir freuen uns darauf, Sie auf Toftum Bjerge Camping begr\u00fc\u00dfen zu d\u00fcrfen &#8211; wo Natur und Ruhe aufeinandertreffen!<\/p>\n<p>[\/et_pb_text][\/et_pb_column][et_pb_column type=&#8220;2_5&#8243; _builder_version=&#8220;4.27.4&#8243; background_color=&#8220;gcid-7360370f-bdf0-493f-b1f5-2887d5b68e17&#8243; background_enable_image=&#8220;off&#8220; custom_padding=&#8220;||25px|&#8220; custom_padding_last_edited=&#8220;off|phone&#8220; hover_enabled=&#8220;0&#8243; border_radii=&#8220;on|30px|30px|30px|30px&#8220; box_shadow_style=&#8220;preset1&#8243; global_colors_info=&#8220;{%22gcid-7360370f-bdf0-493f-b1f5-2887d5b68e17%22:%91%22background_color%22%93}&#8220; padding_last_edited=&#8220;off|phone&#8220; custom_padding__hover=&#8220;|||&#8220; custom_css_main_element=&#8220;margin:auto;&#8220; sticky_enabled=&#8220;0&#8243;][et_pb_image src=&#8220;https:\/\/letscamp.dk\/wp-content\/uploads\/2025\/10\/dRONE-e1760198454788.jpg&#8220; title_text=&#8220;erstellt von dji camera&#8220; align_tablet=&#8220;center&#8220; align_phone=&#8220;&#8220; align_last_edited=&#8220;on|desktop&#8220; _builder_version=&#8220;4.27.4&#8243; border_style=&#8220;solid&#8220; global_colors_info=&#8220;{}&#8220;][\/et_pb_image][et_pb_blurb icon_placement=&#8220;left&#8220; image_icon_width=&#8220;20px&#8220; module_class=&#8220;contact_detail_blurb&#8220; _builder_version=&#8220;4.27.4&#8243; header_font=&#8220;|on|||&#8220; header_font_size=&#8220;16&#8243; body_font_size=&#8220;15&#8243; body_line_height=&#8220;1.5em&#8220; background_layout=&#8220;dark&#8220; custom_padding=&#8220;|||50px&#8220; custom_padding_tablet=&#8220;&#8220; custom_padding_phone=&#8220;|||25px&#8220; custom_padding_last_edited=&#8220;on|phone&#8220; animation=&#8220;off&#8220; border_style_all=&#8220;solid&#8220; border_style=&#8220;solid&#8220; icon_font_size=&#8220;20px&#8220; global_colors_info=&#8220;{}&#8220;]<\/p>\n<ul>\n<li>365 Tage im Jahr ge\u00f6ffnet<\/li>\n<li>2 H\u00fctten (ganzj\u00e4hrig ge\u00f6ffnet)<\/li>\n<li>6 Zimmer (ganzj\u00e4hrig)<\/li>\n<li>6 Zelte<\/li>\n<li>Kaffeehaus<\/li>\n<li>Musikveranstaltungen<\/li>\n<li>M\u00f6glichkeit, Partys zu veranstalten<\/li>\n<li>300 Meter zum Strand<\/li>\n<li>Zwischen Struer und Lemvig<\/li>\n<\/ul>\n<p>&nbsp;<\/p>\n<p>[\/et_pb_blurb][et_pb_button button_url=&#8220;https:\/\/onlinebooking.camp\/toftumbjerge?lang=da&#8220; button_text=&#8220;JETZT BUCHEN&#8220; button_alignment=&#8220;center&#8220; _builder_version=&#8220;4.27.4&#8243; _module_preset=&#8220;default&#8220; global_colors_info=&#8220;{}&#8220;][\/et_pb_button][\/et_pb_column][\/et_pb_row][et_pb_row use_custom_gutter=&#8220;on&#8220; gutter_width=&#8220;1&#8243; _builder_version=&#8220;4.27.4&#8243; _module_preset=&#8220;default&#8220; width=&#8220;100%&#8220; max_width=&#8220;100%&#8220; global_colors_info=&#8220;{}&#8220;][et_pb_column type=&#8220;4_4&#8243; _builder_version=&#8220;4.27.4&#8243; _module_preset=&#8220;default&#8220; global_colors_info=&#8220;{}&#8220;][et_pb_gallery gallery_ids=&#8220;35243,35244,35245,35246,35247,35248,35249,35250&#8243; posts_number=&#8220;8&#8243; show_title_and_caption=&#8220;off&#8220; show_pagination=&#8220;off&#8220; _builder_version=&#8220;4.27.4&#8243; _module_preset=&#8220;default&#8220; z_index=&#8220;-15&#8243; global_colors_info=&#8220;{}&#8220;][\/et_pb_gallery][\/et_pb_column][\/et_pb_row][\/et_pb_section][et_pb_section fb_built=&#8220;1&#8243; _builder_version=&#8220;4.27.4&#8243; background_enable_color=&#8220;off&#8220; z_index=&#8220;0&#8243; custom_padding=&#8220;0px|0px|0px|0px&#8220; top_divider_height=&#8220;0px&#8220; top_divider_flip=&#8220;vertical&#8220; bottom_divider_style=&#8220;wave2&#8243; bottom_divider_color=&#8220;gcid-7360370f-bdf0-493f-b1f5-2887d5b68e17&#8243; bottom_divider_height_tablet=&#8220;&#8220; bottom_divider_height_phone=&#8220;44px&#8220; bottom_divider_height_last_edited=&#8220;on|phone&#8220; global_colors_info=&#8220;{%22gcid-7360370f-bdf0-493f-b1f5-2887d5b68e17%22:%91%22bottom_divider_color%22%93}&#8220;][\/et_pb_section]<\/p>\n","protected":false},"excerpt":{"rendered":"<p>TOFTUM BJERGE CAMPINGEntdecken Sie Toftum Bjerge Camping &#8211; Natur, Ruhe und die besten Campingerlebnisse Sind Sie bereit, Camping in einer der landschaftlich sch\u00f6nsten Gegenden D\u00e4nemarks zu erleben? Toftum Bjerge Camping [&hellip;]<\/p>\n","protected":false},"author":1,"featured_media":0,"parent":0,"menu_order":0,"comment_status":"closed","ping_status":"closed","template":"","meta":{"_et_pb_use_builder":"on","_et_pb_old_content":"","_et_gb_content_width":"","footnotes":""},"folder":[35],"class_list":["post-35242","page","type-page","status-publish","hentry"],"yoast_head":"<!-- This site is optimized with the Yoast SEO plugin v27.2 - https:\/\/yoast.com\/product\/yoast-seo-wordpress\/ -->\n<title>Toftum - Let&#039;s Camp<\/title>\n<meta name=\"robots\" content=\"index, follow, max-snippet:-1, max-image-preview:large, max-video-preview:-1\" \/>\n<link rel=\"canonical\" href=\"https:\/\/letscamp.dk\/de\/toftum\/\" \/>\n<meta property=\"og:locale\" content=\"de_DE\" \/>\n<meta property=\"og:type\" content=\"article\" \/>\n<meta property=\"og:title\" content=\"Toftum - Let&#039;s Camp\" \/>\n<meta property=\"og:description\" content=\"TOFTUM BJERGE CAMPINGEntdecken Sie Toftum Bjerge Camping - Natur, Ruhe und die besten Campingerlebnisse Sind Sie bereit, Camping in einer der landschaftlich sch\u00f6nsten Gegenden D\u00e4nemarks zu erleben? Toftum Bjerge Camping [&hellip;]\" \/>\n<meta property=\"og:url\" content=\"https:\/\/letscamp.dk\/de\/toftum\/\" \/>\n<meta property=\"og:site_name\" content=\"Let&#039;s Camp\" \/>\n<meta property=\"article:modified_time\" content=\"2025-12-15T08:08:24+00:00\" \/>\n<meta name=\"twitter:card\" content=\"summary_large_image\" \/>\n<meta name=\"twitter:label1\" content=\"Gesch\u00e4tzte Lesezeit\" \/>\n\t<meta name=\"twitter:data1\" content=\"7\u00a0Minuten\" \/>\n<script type=\"application\/ld+json\" class=\"yoast-schema-graph\">{\"@context\":\"https:\/\/schema.org\",\"@graph\":[{\"@type\":\"WebPage\",\"@id\":\"https:\/\/letscamp.dk\/de\/toftum\/\",\"url\":\"https:\/\/letscamp.dk\/de\/toftum\/\",\"name\":\"Toftum - Let's Camp\",\"isPartOf\":{\"@id\":\"https:\/\/letscamp.dk\/de\/#website\"},\"datePublished\":\"2025-11-10T09:36:02+00:00\",\"dateModified\":\"2025-12-15T08:08:24+00:00\",\"breadcrumb\":{\"@id\":\"https:\/\/letscamp.dk\/de\/toftum\/#breadcrumb\"},\"inLanguage\":\"de\",\"potentialAction\":[{\"@type\":\"ReadAction\",\"target\":[\"https:\/\/letscamp.dk\/de\/toftum\/\"]}]},{\"@type\":\"BreadcrumbList\",\"@id\":\"https:\/\/letscamp.dk\/de\/toftum\/#breadcrumb\",\"itemListElement\":[{\"@type\":\"ListItem\",\"position\":1,\"name\":\"Hjem\",\"item\":\"https:\/\/letscamp.dk\/de\/\"},{\"@type\":\"ListItem\",\"position\":2,\"name\":\"Toftum\"}]},{\"@type\":\"WebSite\",\"@id\":\"https:\/\/letscamp.dk\/de\/#website\",\"url\":\"https:\/\/letscamp.dk\/de\/\",\"name\":\"Let's Camp\",\"description\":\"Din oase ved Limfjorden\",\"potentialAction\":[{\"@type\":\"SearchAction\",\"target\":{\"@type\":\"EntryPoint\",\"urlTemplate\":\"https:\/\/letscamp.dk\/de\/?s={search_term_string}\"},\"query-input\":{\"@type\":\"PropertyValueSpecification\",\"valueRequired\":true,\"valueName\":\"search_term_string\"}}],\"inLanguage\":\"de\"}]}<\/script>\n<!-- \/ Yoast SEO plugin. -->","yoast_head_json":{"title":"Toftum - Let's Camp","robots":{"index":"index","follow":"follow","max-snippet":"max-snippet:-1","max-image-preview":"max-image-preview:large","max-video-preview":"max-video-preview:-1"},"canonical":"https:\/\/letscamp.dk\/de\/toftum\/","og_locale":"de_DE","og_type":"article","og_title":"Toftum - Let's Camp","og_description":"TOFTUM BJERGE CAMPINGEntdecken Sie Toftum Bjerge Camping - Natur, Ruhe und die besten Campingerlebnisse Sind Sie bereit, Camping in einer der landschaftlich sch\u00f6nsten Gegenden D\u00e4nemarks zu erleben? Toftum Bjerge Camping [&hellip;]","og_url":"https:\/\/letscamp.dk\/de\/toftum\/","og_site_name":"Let's Camp","article_modified_time":"2025-12-15T08:08:24+00:00","twitter_card":"summary_large_image","twitter_misc":{"Gesch\u00e4tzte Lesezeit":"7\u00a0Minuten"},"schema":{"@context":"https:\/\/schema.org","@graph":[{"@type":"WebPage","@id":"https:\/\/letscamp.dk\/de\/toftum\/","url":"https:\/\/letscamp.dk\/de\/toftum\/","name":"Toftum - Let's Camp","isPartOf":{"@id":"https:\/\/letscamp.dk\/de\/#website"},"datePublished":"2025-11-10T09:36:02+00:00","dateModified":"2025-12-15T08:08:24+00:00","breadcrumb":{"@id":"https:\/\/letscamp.dk\/de\/toftum\/#breadcrumb"},"inLanguage":"de","potentialAction":[{"@type":"ReadAction","target":["https:\/\/letscamp.dk\/de\/toftum\/"]}]},{"@type":"BreadcrumbList","@id":"https:\/\/letscamp.dk\/de\/toftum\/#breadcrumb","itemListElement":[{"@type":"ListItem","position":1,"name":"Hjem","item":"https:\/\/letscamp.dk\/de\/"},{"@type":"ListItem","position":2,"name":"Toftum"}]},{"@type":"WebSite","@id":"https:\/\/letscamp.dk\/de\/#website","url":"https:\/\/letscamp.dk\/de\/","name":"Let's Camp","description":"Din oase ved Limfjorden","potentialAction":[{"@type":"SearchAction","target":{"@type":"EntryPoint","urlTemplate":"https:\/\/letscamp.dk\/de\/?s={search_term_string}"},"query-input":{"@type":"PropertyValueSpecification","valueRequired":true,"valueName":"search_term_string"}}],"inLanguage":"de"}]}},"_links":{"self":[{"href":"https:\/\/letscamp.dk\/de\/wp-json\/wp\/v2\/pages\/35242","targetHints":{"allow":["GET"]}}],"collection":[{"href":"https:\/\/letscamp.dk\/de\/wp-json\/wp\/v2\/pages"}],"about":[{"href":"https:\/\/letscamp.dk\/de\/wp-json\/wp\/v2\/types\/page"}],"author":[{"embeddable":true,"href":"https:\/\/letscamp.dk\/de\/wp-json\/wp\/v2\/users\/1"}],"replies":[{"embeddable":true,"href":"https:\/\/letscamp.dk\/de\/wp-json\/wp\/v2\/comments?post=35242"}],"version-history":[{"count":3,"href":"https:\/\/letscamp.dk\/de\/wp-json\/wp\/v2\/pages\/35242\/revisions"}],"predecessor-version":[{"id":35253,"href":"https:\/\/letscamp.dk\/de\/wp-json\/wp\/v2\/pages\/35242\/revisions\/35253"}],"wp:attachment":[{"href":"https:\/\/letscamp.dk\/de\/wp-json\/wp\/v2\/media?parent=35242"}],"wp:term":[{"taxonomy":"folder","embeddable":true,"href":"https:\/\/letscamp.dk\/de\/wp-json\/wp\/v2\/folder?post=35242"}],"curies":[{"name":"wp","href":"https:\/\/api.w.org\/{rel}","templated":true}]}}